{"id":530,"date":"2024-10-17T09:43:46","date_gmt":"2024-10-17T09:43:46","guid":{"rendered":"https:\/\/shaolintemplechina.com\/?page_id=530"},"modified":"2025-09-24T11:32:58","modified_gmt":"2025-09-24T11:32:58","slug":"ci%cc%87nde-kung-fu-ogreni%cc%87n","status":"publish","type":"page","link":"https:\/\/shaolintemplechina.com\/tr\/learn-kung-fu-in-china\/","title":{"rendered":"\u00c7in'de Kung Fu \u00d6\u011frenin"},"content":{"rendered":"<h1>\n\t\t\t\u00c7in'de Kung Fu \u00d6\u011frenin\t<\/h1>\n\t<p>\u00c7in'in kadim ve gizemli topraklar\u0131nda, d\u00f6v\u00fc\u015f sanatlar\u0131, felsefe, t\u0131p ve esteti\u011fi birle\u015ftiren e\u015fsiz bir k\u00fclt\u00fcrel sembol olan Kung Fu, sadece bin y\u0131ll\u0131k bir tarihi ta\u015f\u0131makla kalmaz, ayn\u0131 zamanda \u00c7in halk\u0131n\u0131n ruhunun ve bilgeli\u011finin yo\u011fun bir ifadesidir. D\u00fcnyan\u0131n d\u00f6rt bir yan\u0131ndan gelen d\u00f6v\u00fc\u015f sanatlar\u0131 merakl\u0131lar\u0131 i\u00e7in \u00c7in'de Kung Fu \u00f6\u011frenmek sadece bir beceri e\u011fitimi yolculu\u011fu de\u011fil, ayn\u0131 zamanda geleneksel \u00c7in k\u00fclt\u00fcr\u00fcn\u00fc ke\u015ffetmek, bedeni ve zihni rafine etmek ve i\u00e7 dengeyi aramak i\u00e7in ola\u011fan\u00fcst\u00fc bir deneyimdir. \u00c7in'de Kung Fu'nun tarihi, ilk olarak bir hayatta kalma becerisi ve kendini savunma arac\u0131 olarak kullan\u0131ld\u0131\u011f\u0131 ve o zamandan beri fitness, kendini savunma ve beden ve zihin geli\u015ftirmeyi birle\u015ftiren kapsaml\u0131 bir k\u00fclt\u00fcrel sisteme d\u00f6n\u00fc\u015ft\u00fc\u011f\u00fc eski zamanlara dayanmaktad\u0131r. \u00c7in'de Shaolin, Wudang, Emei, Xingyi, Taiji gibi farkl\u0131 \u00f6zelliklere sahip bir\u00e7ok farkl\u0131 Kung Fu stili vard\u0131r ve bunlar\u0131n her biri benzersiz teknikler, e\u011fitim y\u00f6ntemleri ve felsefi fikirler i\u00e7erir.<\/p>\n\t\t\t<a href=\"https:\/\/shaolintemplechina.com\/tr\/bize-ulasin\/\" target=\"_self\">\n\t\t\t\t\t\t\tBirincil d\u00fc\u011fme\n\t\t\t<\/a>\n\t<h2>\u00c7in'de Kung Fu \u00f6\u011frenmek i\u00e7in en iyi yer<\/h2>\n\t<style>.embed-container { position: relative; padding-bottom: 56.25%; height: 0; overflow: hidden; max-width: 100%; } .embed-container iframe, .embed-container object, .embed-container embed { position: absolute; top: 0; left: 0; width: 100%; height: 100%; }<\/style>\n<iframe src=\"https:\/\/www.youtube.com\/embed\/\/DQk4YP9Nv0U\" frameborder=\"0\" allowfullscreen=\"allowfullscreen\"><\/iframe>\n\t<p>\u00c7in Kung Fu'su s\u00f6z konusu oldu\u011funda, <strong>Shaolin Tap\u0131na\u011f\u0131 Merkezi hi\u00e7 \u015f\u00fcphesiz olmas\u0131 gereken yerdir<\/strong>. Shaolin Tap\u0131na\u011f\u0131'n\u0131n belirlenmi\u015f k\u00fclt\u00fcr merkezi ve Taijiquan'\u0131n do\u011fum yeri olarak, sadece uzun bir ge\u00e7mi\u015fe sahip olmakla kalmaz, ayn\u0131 zamanda \u00fcst\u00fcn d\u00f6v\u00fc\u015f sanatlar\u0131 becerileriyle de bilinir. Burada, Shaolin kung fu'nun derinli\u011fini t\u00fcm y\u00f6nleriyle deneyimlemek i\u00e7in temel boks ve tekmelemeden Shaolin sopas\u0131 ve k\u0131l\u0131\u00e7 d\u00f6v\u00fc\u015f\u00fcne kadar k\u0131demli d\u00f6v\u00fc\u015f sanatlar\u0131 rahipleri taraf\u0131ndan ki\u015fisel olarak \u00f6\u011fretilen kung fu kurslar\u0131na kat\u0131labilirsiniz. Buna ek olarak, Shaolin Tap\u0131nak Merkezi d\u00fczenli olarak d\u00f6v\u00fc\u015f sanatlar\u0131 performanslar\u0131 ve meditasyon deneyimi etkinlikleri de d\u00fczenlemektedir, b\u00f6ylece \u00f6\u011frenciler d\u00f6v\u00fc\u015f sanatlar\u0131 prati\u011fine ek olarak Zen ve d\u00f6v\u00fc\u015f sanatlar\u0131 birli\u011finin manevi alan\u0131n\u0131 takdir edebilirler.<\/p>\n\t\t\t<a href=\"https:\/\/shaolintemplechina.com\/tr\/\" target=\"_self\">\n\t\t\t\t\t\t\tDaha fazla bilgi edinin\n\t\t\t<\/a>\n<h2>\n\t\t\tNeden \u00c7in'de Kung Fu \u00f6\u011frenmelisiniz?\t<\/h2>\n\t<p>\u00c7in'de Kung Fu \u00f6\u011frenmek sadece bir spor veya e\u011flence aktivitesi de\u011fil, ayn\u0131 zamanda beden, zihin ve k\u00fclt\u00fcr\u00fcn derin bir ke\u015ffidir. Burada e\u015fi benzeri g\u00f6r\u00fclmemi\u015f zorluklar ve b\u00fcy\u00fcme ya\u015fayacak, geleneksel \u00c7in k\u00fclt\u00fcr\u00fcn\u00fcn e\u015fsiz cazibesini ve derinli\u011fini hissedeceksiniz. \u0130ster fiziksel zindelik, ister kendini savunma, ister ruhsal huzur ve uyum ar\u0131yor olun, \u00c7in Kung Fu sizin vazge\u00e7ilmez ak\u0131l hocan\u0131z ve arkada\u015f\u0131n\u0131z olacakt\u0131r. Bu fantastik ve \u00f6d\u00fcllendirici \u00f6\u011frenme yolculu\u011funa birlikte \u00e7\u0131kal\u0131m!<\/p>\n<p>Kung Fu'nun do\u011fum yeri olan \u00c7in, e\u015fsiz bir \u00f6\u011frenme ortam\u0131 ile kutsanm\u0131\u015ft\u0131r. Antik tap\u0131naklardan modern d\u00f6v\u00fc\u015f sanatlar\u0131 okullar\u0131na, da\u011flardaki g\u00f6zlerden uzak Taoist tap\u0131naklardan kalabal\u0131k \u015fehirdeki uygulama odalar\u0131na kadar, \u00f6\u011frenciler ihtiya\u00e7lar\u0131na g\u00f6re do\u011fru yeri se\u00e7ebilirler. Burada, do\u011frudan k\u0131demli d\u00f6v\u00fc\u015f sanatlar\u0131 ustalar\u0131ndan \u00f6\u011frenebilir ve onlar\u0131n derin i\u00e7sel g\u00fcc\u00fcn\u00fc ve m\u00fckemmel becerilerini deneyimleyebilirsiniz; ayr\u0131ca birlikte ilerleme kaydetmek i\u00e7in d\u00fcnyan\u0131n her yerinden gelen di\u011fer \u00f6\u011frencilerle ileti\u015fim kurabilirsiniz. Buna ek olarak, \u00c7in'in do\u011fal ortam\u0131 Kung Fu e\u011fitimi i\u00e7in m\u00fckemmel ko\u015fullar sa\u011flar. Da\u011flar, nehirler, g\u00f6ller ve denizler aras\u0131ndaki temiz havay\u0131 solumak, bedenin ve zihnin huzur ve uyum durumuna ula\u015fmas\u0131n\u0131 kolayla\u015ft\u0131r\u0131r!<\/p>\n<h4>Kung Fu Sanat\u0131 ve Felsefesi<\/h4>\n<p>In Studying Kung Fu, the first thing to do is to master the basic skills of boxing, kicking, bodywork and the use of equipment. These seem to be simple skills, but in fact they contain profound principles of mechanics and human science. Through hard training day after day, not only can you strengthen your body, improve your coordination and flexibility, but also develop the willpower of perseverance and the psychological quality of calmness. More importantly, Kung Fu is not only an external display of skill, but also an expression of inner cultivation. It emphasizes &#8220;internal and external cultivation&#8221;, which means that while improving martial arts skills, one should also focus on moral cultivation and philosophical thinking. Through the study of Tao Te Ching, Taijiquan Theory and other classic works, learners can deeply understand the philosophical ideas of &#8220;softness overcomes hardness&#8221; and &#8220;pre-emptive action&#8221;, so that they can live and work with ease and ease.<\/p>\n<h4>Kung Fu'nun Sa\u011fl\u0131k ve T\u0131bbi De\u011feri<\/h4>\n<p>Geleneksel \u00c7in k\u00fclt\u00fcr\u00fcnde Kung Fu, sa\u011fl\u0131k hizmetleri ve t\u0131bbi tedavi ile yak\u0131ndan ili\u015fkilidir. Bir\u00e7ok kung fu stili, a\u015fa\u011f\u0131dakiler gibi benzersiz sa\u011fl\u0131k iyile\u015ftirme teknikleri i\u00e7erir <a href=\"https:\/\/shaolintemplechina.com\/tr\/tai-chi-kung-fu\/\">Taijiquan<\/a>, <a href=\"https:\/\/shaolintemplechina.com\/tr\/ba-duan-jin-qigong\/\">Ba Duan Jin<\/a>, <a href=\"https:\/\/shaolintemplechina.com\/tr\/qi-gong\/\">Yi Jin Jing<\/a>, <a href=\"https:\/\/shaolintemplechina.com\/tr\/chan-meditasyon\/\">Chan Meditasyonu<\/a> vb. Nefes almay\u0131 d\u00fczenleyerek, kaslar\u0131 ve kemikleri hareket ettirerek ve meridyenleri ve kanallar\u0131 tarayarak, bu teknikler v\u00fccudu g\u00fc\u00e7lendirme ve ya\u015fam\u0131 uzatma etkisi yaratabilir. Buna ek olarak, baz\u0131 d\u00f6v\u00fc\u015f sanatlar\u0131 ustalar\u0131 \u00c7in t\u0131bb\u0131 teorisinde \u00e7ok bilgilidir ve tuina ve akupunktur gibi geleneksel t\u0131bbi ara\u00e7lar\u0131 kullanarak yaral\u0131lar\u0131 tedavi edebilirler, bu da kung fu'nun t\u0131p alan\u0131ndaki e\u015fsiz de\u011ferini g\u00f6sterir. Modern insanlar i\u00e7in, uzun s\u00fcre Kung Fu uygulamak sadece i\u015f bask\u0131s\u0131n\u0131 hafifletmeye ve uyku kalitesini art\u0131rmaya yard\u0131mc\u0131 olmakla kalmaz, ayn\u0131 zamanda ba\u011f\u0131\u015f\u0131kl\u0131k sistemini g\u00fc\u00e7lendirir ve hastal\u0131klar\u0131 \u00f6nleyerek sa\u011fl\u0131kl\u0131 bir ya\u015fam tarz\u0131 haline getirir.<\/p>\n<p>K\u00fcreselle\u015fmenin derinle\u015fen geli\u015fimiyle birlikte, \u00c7in Kung Fu'su \u00fclke d\u0131\u015f\u0131na \u00e7\u0131kt\u0131 ve t\u00fcm d\u00fcnyadaki \u00fclkeleri birbirine ba\u011flayan k\u00fclt\u00fcrel bir k\u00f6pr\u00fc haline geldi. Giderek daha fazla uluslararas\u0131 arkada\u015f Kungfu \u00f6\u011frenmek i\u00e7in \u00c7in'e geliyor. \u00c7in'in e\u015fsiz cazibesinden etkileniyorlar ve \u00c7in'i anlamak ve \u00c7in k\u00fclt\u00fcr\u00fcn\u00fc deneyimlemek i\u00e7in Kungfu \u00f6\u011frenmeyi umuyorlar. Ayn\u0131 zamanda \u00c7in, uluslararas\u0131 Wushu yar\u0131\u015fmalar\u0131, Wushu k\u00fclt\u00fcr festivalleri ve di\u011fer etkinlikler d\u00fczenleyerek d\u00fcnyaya \u00c7in Kung Fu'sunun b\u00fcy\u00fck derinli\u011fini g\u00f6stererek Kung Fu'nun uluslararas\u0131 yay\u0131lmas\u0131n\u0131 da aktif olarak te\u015fvik etmektedir. Bu s\u00fcre\u00e7te, sadece \u00c7in ve yabanc\u0131 k\u00fclt\u00fcrlerin de\u011fi\u015fimini ve entegrasyonunu te\u015fvik etmekle kalm\u0131yor, ayn\u0131 zamanda \u00c7in kung fu'sunun miras\u0131na ve geli\u015fimine yeni bir canl\u0131l\u0131k kat\u0131yor.<\/p>\n\t\t\t\t<img decoding=\"async\" src=\"https:\/\/shaolintemplechina.com\/wp-content\/uploads\/2024\/10\/kung-fu-training-china.jpg\" alt=\"kung fu e\u011fi\u0307ti\u0307mi\u0307 \u00e7i\u0307n\" itemprop=\"image\" height=\"374\" width=\"550\" title=\"kung fu e\u011fi\u0307ti\u0307mi\u0307 \u00e7i\u0307n\" onerror=\"this.style.display='none'\" loading=\"lazy\" \/>\n\t\t\t\t<img decoding=\"async\" src=\"https:\/\/shaolintemplechina.com\/wp-content\/uploads\/2024\/10\/kung-fu-training-in-china.jpg\" alt=\"\u00e7i\u0307n&#039;de kung fu e\u011fi\u0307ti\u0307mi\u0307\" itemprop=\"image\" height=\"500\" width=\"666\" title=\"\u00e7i\u0307n&#039;de kung fu e\u011fi\u0307ti\u0307mi\u0307\" onerror=\"this.style.display='none'\" loading=\"lazy\" \/>\n\t\t\t\t<img decoding=\"async\" src=\"https:\/\/shaolintemplechina.com\/wp-content\/uploads\/2024\/10\/best-kung-fu-school-in-china.jpg\" alt=\"\u00e7i\u0307n&#039;deki\u0307 en i\u0307yi\u0307 kung fu okulu\" itemprop=\"image\" height=\"627\" width=\"960\" title=\"\u00e7i\u0307n&#039;deki\u0307 en i\u0307yi\u0307 kung fu okulu\" onerror=\"this.style.display='none'\" loading=\"lazy\" \/>\n\t\t\t\t<img decoding=\"async\" src=\"https:\/\/shaolintemplechina.com\/wp-content\/uploads\/2024\/10\/study-kung-fu-in-china.jpg\" alt=\"\u00e7i\u0307n&#039;de kung fu \u00f6\u011freni\u0307n\" itemprop=\"image\" height=\"1080\" width=\"1920\" title=\"\u00e7i\u0307n&#039;de kung fu \u00f6\u011freni\u0307n\" onerror=\"this.style.display='none'\" loading=\"lazy\" \/>\n\t\t\t\t<img decoding=\"async\" src=\"https:\/\/shaolintemplechina.com\/wp-content\/uploads\/2024\/10\/shaolin-kung-fu-training-china.jpg\" alt=\"shaolin kung fu e\u011fi\u0307ti\u0307mi\u0307 \u00e7i\u0307n\" itemprop=\"image\" height=\"366\" width=\"550\" title=\"shaolin kung fu e\u011fi\u0307ti\u0307mi\u0307 \u00e7i\u0307n\" onerror=\"this.style.display='none'\" loading=\"lazy\" \/>\n\t\t\t\t<img decoding=\"async\" src=\"https:\/\/shaolintemplechina.com\/wp-content\/uploads\/2024\/10\/kung-fu-classes-in-china.jpg\" alt=\"\u00e7i\u0307n&#039;de kung fu dersleri\u0307\" itemprop=\"image\" height=\"441\" width=\"544\" title=\"\u00e7i\u0307n&#039;de kung fu dersleri\u0307\" onerror=\"this.style.display='none'\" loading=\"lazy\" \/>\n<h3>\n\t\t\t\u00c7in'de kung fu \u00f6\u011frenmek i\u00e7in baz\u0131 nedenler nelerdir?\t<\/h3>\n\t<ul>\n<li><strong>K\u00fclt\u00fcrel Miras<\/strong>: Kung Fu, \u00c7in halk\u0131n\u0131n bilgeli\u011fini ve cesaretini temsil eden geleneksel \u00c7in k\u00fclt\u00fcr\u00fcn\u00fcn \u00f6nemli bir par\u00e7as\u0131d\u0131r. Kung Fu \u00f6\u011frenmek, bu e\u015fsiz k\u00fclt\u00fcrel miras\u0131n aktar\u0131lmas\u0131na ve tan\u0131t\u0131lmas\u0131na yard\u0131mc\u0131 olur. Kung Fu uygulayarak, \u00f6\u011fretmenlere sayg\u0131, sevgi ve ho\u015fg\u00f6r\u00fc gibi geleneksel erdemleri \u00f6\u011frenebilir ve ki\u015fisel geli\u015fim ve sosyal uyum i\u00e7in \u00f6nemli olan ki\u015finin bedenini ve ailesini geli\u015ftirebilir.<\/li>\n<li><strong>Fiziksel sa\u011fl\u0131k<\/strong>: Kungfu e\u011fitimi hem i\u00e7 hem de d\u0131\u015f e\u011fitimi vurgular. Uygulama yoluyla ki\u015fi v\u00fccudu g\u00fc\u00e7lendirebilir, fiziksel uygunlu\u011fu, fiziksel koordinasyonu ve esnekli\u011fi geli\u015ftirebilir.<\/li>\n<li><strong>Ruhsal Yeti\u015ftirme<\/strong>: Kung Fu sadece fiziksel beceri e\u011fitiminden daha fazlas\u0131d\u0131r, ayn\u0131 zamanda felsefi, ahlaki ve manevi ekimi de kapsar. Kung Fu \u00f6\u011frenmek insanlar\u0131n sab\u0131r, azim, konsantrasyon ve irade geli\u015ftirmelerine yard\u0131mc\u0131 olabilir.<\/li>\n<li><strong>\u0130rade kalitesinin geli\u015ftirilmesi<\/strong>: Kung fu \u00f6\u011frenmek azim ve sebat gerektirir. Uygulama s\u0131ras\u0131nda, ki\u015finin irade kalitesini ve azmini geli\u015ftirmeye yard\u0131mc\u0131 olan \u00e7e\u015fitli zorluklar\u0131n ve zorluklar\u0131n \u00fcstesinden gelmesi gerekir. Ayn\u0131 zamanda, Kung Fu uygulamas\u0131, ki\u015finin \u00f6z disiplinini ve ba\u015fkalar\u0131na sayg\u0131s\u0131n\u0131 geli\u015ftirmeye yard\u0131mc\u0131 olan belirli kurallara ve g\u00f6rg\u00fc kurallar\u0131na uyulmas\u0131n\u0131 da gerektirir.<\/li>\n<li><strong>Kendini savunma ve nefsi m\u00fcdafaa<\/strong>: Kung Fu etkili bir kendini savunma becerisidir. Kung Fu \u00f6\u011frenmek, gerekti\u011finde kendini ve ba\u015fkalar\u0131n\u0131 koruyabilir.<\/li>\n<li><strong>Sosyal \u0130leti\u015fim<\/strong>: Kung Fu e\u011fitimine ve etkinliklerine kat\u0131larak, benzer d\u00fc\u015f\u00fcnen insanlarla arkada\u015f olunabilir ve sosyal ileti\u015fim geli\u015ftirilebilir.<\/li>\n<li><strong>Rekreasyon ve Bo\u015f Zaman<\/strong>: Kung Fu g\u00fczel ve s\u00fcsl\u00fc bir spordur ve bir\u00e7ok insan Kung Fu'yu bir e\u011flence ve bo\u015f zaman etkinli\u011fi olarak kullan\u0131r.<br \/>\nE\u011fitimsel \u00f6nemi: Kungfu e\u011fitimi, gen\u00e7lerin karakter geli\u015fimi ve davran\u0131\u015f normlar\u0131 i\u00e7in olumlu e\u011fitimsel \u00f6neme sahip olan disiplin ve kurallar\u0131 vurgular.<\/li>\n<li><strong>Uluslararas\u0131 De\u011fi\u015fim<\/strong>: \u00c7in Kung Fu'sunun uluslararas\u0131 arenada artan etkisi ile Kung Fu \u00f6\u011frenmek, \u00c7in ve yabanc\u0131 \u00fclkeler aras\u0131ndaki k\u00fclt\u00fcrel al\u0131\u015fveri\u015fi te\u015fvik etmeye ve \u00c7in k\u00fclt\u00fcr\u00fcn\u00fcn uluslararas\u0131 imaj\u0131n\u0131 geli\u015ftirmeye yard\u0131mc\u0131 olur.<\/li>\n<li><strong>Ya\u015fam Felsefesi<\/strong>: Tai Chi'nin Yin-Yang denge teorisi gibi Kung Fu'daki bir\u00e7ok felsefi fikir, insanlar\u0131n ya\u015fam felsefesini daha iyi anlamalar\u0131na yard\u0131mc\u0131 olmak i\u00e7in g\u00fcnl\u00fck hayata uygulanabilir.<\/li>\n<\/ul>\n<p><strong>Sonu\u00e7 olarak, Kung Fu \u00f6\u011frenmek \u00c7in'de geni\u015f kapsaml\u0131 k\u00fclt\u00fcrel \u00f6neme ve pratik de\u011fere sahiptir ve ge\u00e7mi\u015f ile moderni, beden ile ruhu birbirine ba\u011flaman\u0131n e\u015fsiz bir yoludur.<\/strong><\/p>\n\t\t\t<a href=\"\" target=\"_self\">\n\t\t\t\t\t\t\tBirincil d\u00fc\u011fme\n\t\t\t<\/a>\n\t\t\t\t<img decoding=\"async\" src=\"https:\/\/shaolintemplechina.com\/wp-content\/uploads\/2024\/10\/learn-kung-fu-in-china.jpg\" alt=\"Video\" itemprop=\"image\" height=\"1000\" width=\"1500\" title=\"\u00e7i\u0307n&#039;de kung fu \u00f6\u011freni\u0307n\" onerror=\"this.style.display='none'\" loading=\"lazy\" \/>\n\t<p><strong>Shaolin Tap\u0131na\u011f\u0131 Merkezi \u00c7in<\/strong><\/p>\n<p>Shaolin Tap\u0131na\u011f\u0131 Merkezi \u00c7in resmi olarak Usta Shi Yongxin'in deste\u011fi alt\u0131nda kurulmu\u015ftur. Ama\u00e7 Shaolin Kung Fu'yu daha iyi tan\u0131tmakt\u0131r, Yabanc\u0131 \u00f6\u011frencileri otantik \u00f6\u011frenmeleri i\u00e7in s\u0131cak bir \u015fekilde kar\u015f\u0131l\u0131yoruz\u00a0<a href=\"https:\/\/shaolintemplechina.com\/tr\/shaolin-kung-fu-2\/\" data-type=\"page\" data-id=\"218\">Shaolin Kung Fu<\/a>,\u00a0<a href=\"https:\/\/shaolintemplechina.com\/tr\/chan-meditasyon\/\" data-type=\"page\" data-id=\"282\">Chan Meditasyonu<\/a>, Sanda, Chin Na,\u00a0<a href=\"https:\/\/shaolintemplechina.com\/tr\/tai-chi-kung-fu\/\">Tai Chi Kung Fu<\/a>,\u00a0<a href=\"https:\/\/shaolintemplechina.com\/tr\/qi-gong\/\">Qigong<\/a>,\u00a0<a href=\"https:\/\/shaolintemplechina.com\/tr\/ba-duan-jin-qigong\/\">Ba Duan Jin<\/a>\u00a0ve Ba Ji Quan becerileri.<\/p>\n<ul>\n<li>Tai chi'nin do\u011fdu\u011fu yer<\/li>\n<li>15 Y\u0131ld\u0131r \u00c7al\u0131\u015f\u0131yor<\/li>\n<li>En \u0130yi \u00c7in Kung Fu Ustalar\u0131<\/li>\n<li>V\u00fccut ve zihinsel sa\u011fl\u0131\u011f\u0131 iyile\u015ftirmek i\u00e7in en iyi Kung Fu Okulu.<\/li>\n<li>\u00c7e\u015fitli Kung Fu Stilleri ve K\u00fc\u00e7\u00fck Grup Dersleri<\/li>\n<li>En Uygun Konut Lokasyonu<\/li>\n<\/ul>\n\t\t\t<a href=\"https:\/\/shaolintemplechina.com\/tr\/\" target=\"_self\">\n\t\t\t\t\t\t\tDaha fazla bilgi edinin\n\t\t\t<\/a>\n\t<h4>\u00c7in'de Kung Fu E\u011fitiminin Etkisi<\/h4>\n<ul>\n<li>Her \u015feyden \u00f6nce, Kung Fu e\u011fitimi \u00c7in toplumunda geni\u015f bir etkiye sahiptir. Sadece bir t\u00fcr spor e\u011fitimi de\u011fil, ayn\u0131 zamanda k\u00fclt\u00fcrel miras ve ahlaki e\u011fitimin bir yoludur. Geleneksel \u00c7in k\u00fclt\u00fcr\u00fcnde kung fu, uyum, g\u00fc\u00e7 ve erdemin birle\u015fimini temsil eder ve derin ve kapsaml\u0131 bir beceridir. Bu beceri sadece e\u011fitmenlerin m\u00fckemmel fiziksel kalite ve beceri seviyesine sahip olmalar\u0131n\u0131 de\u011fil, ayn\u0131 zamanda azim ve iyi ahlaki karaktere sahip olmalar\u0131n\u0131 da gerektirir.<\/li>\n<li>\u0130kinci olarak, Kung Fu e\u011fitimi \u00c7in toplumunun k\u00fclt\u00fcrel miras\u0131 ve ahlaki yap\u0131s\u0131 \u00fczerinde olumlu bir etkiye sahiptir. Kung Fu e\u011fitimi sayesinde insanlar geleneksel \u00c7in k\u00fclt\u00fcr\u00fcn\u00fc ve tarihini daha iyi anlayabilir ve \u00c7in halk\u0131n\u0131n m\u00fckemmel niteliklerini ve manevi \u00e7a\u011fr\u0131\u015f\u0131mlar\u0131n\u0131 \u00f6\u011frenebilirler. Ayn\u0131 zamanda Kung Fu e\u011fitimi, sayg\u0131, d\u00fcr\u00fcstl\u00fck, cesaret, al\u00e7akg\u00f6n\u00fcll\u00fcl\u00fck gibi ahlaki niteliklerin geli\u015ftirilmesini vurgulayan ve insanlar\u0131n ahlaki kalitesini ve sosyal sorumluluk duygusunu geli\u015ftirmeye yard\u0131mc\u0131 olan bir ahlaki e\u011fitim yoludur.<\/li>\n<li>Buna ek olarak, Kung Fu e\u011fitimi ki\u015fisel b\u00fcy\u00fcme ve geli\u015fme \u00fczerinde olumlu bir etkiye sahiptir. Uzun s\u00fcreli Kung Fu e\u011fitimi sayesinde insanlar fiziksel ve psikolojik niteliklerini geli\u015ftirebilir, \u00f6z denetim ve \u00f6z d\u00fczenleme yeteneklerini geli\u015ftirebilirler. Ayn\u0131 zamanda, Kung Fu e\u011fitimi insanlar\u0131n sab\u0131r, azim ve konsantrasyon gibi m\u00fckemmel niteliklerini de geli\u015ftirebilir, bu da insanlar\u0131n ya\u015famdaki ve i\u015fteki zorluklarla ve bask\u0131larla daha iyi ba\u015fa \u00e7\u0131kmalar\u0131na yard\u0131mc\u0131 olabilir.<\/li>\n<li>In conclusion, Kung Fu training has a wide and far-reaching influence in China. It is not only a way of sports training and cultural inheritance, but also a way of moral education and spiritual cultivation. It has a positive influence on the cultural heritage, moral construction and personal growth of Chinese society, and is an indispensable part of Chinese culture.It is deeply influenced by the philosophical thinking of Taoism, Confucianism and Buddhism, and emphasizes the harmonious concept of &#8220;the unity of heaven and mankind&#8221;, in pursuit of the supreme state of unity of body and mind, and internal and external cultivation. In Kung Fu training, the practitioner not only has to master various skills such as boxing, kicking and bodywork, but also has to regulate his\/her own state of mind and emotions through meditation and breath control, so as to achieve a state of tranquility and calmness. It is of inestimable value to alleviate the pressure brought by the fast-paced life of modern society and enhance personal cultivation.<\/li>\n<\/ul>\n<h4>Do\u011fru E\u011fitmen ve Ortam Nas\u0131l Bulunur? <a href=\"https:\/\/shaolintemplechina.com\/tr\/ci%cc%87nde-kung-fuyu-nerede-ogrenebi%cc%87li%cc%87ri%cc%87m\/\">\u00c7in'de Kung Fu \u00d6\u011frenin<\/a>\uff1f<\/h4>\n<p><strong>Do\u011fru e\u011fitmeni ve ortam\u0131 se\u00e7mek, insanlar\u0131n d\u00f6v\u00fc\u015f sanatlar\u0131n\u0131 \u00f6\u011frenmeleri i\u00e7in \u00e7ok \u00f6nemlidir. \u0130\u015fte do\u011fru e\u011fitmen ve ortam se\u00e7imi i\u00e7in baz\u0131 \u00f6neriler:<\/strong><\/p>\n<ul>\n<li><strong>Nitelikler<\/strong>: E\u011fitmenin d\u00f6v\u00fc\u015f sanatlar\u0131 derecesi, antren\u00f6rl\u00fck yeterlilik belgesi vb. gibi ilgili niteliklere sahip olup olmad\u0131\u011f\u0131n\u0131 do\u011frulay\u0131n.<\/li>\n<li><strong>\u00d6\u011fretmenlik deneyimi<\/strong>e: Y\u0131llar s\u00fcren \u00f6\u011fretim deneyimi ve \u00f6\u011fretim sonu\u00e7lar\u0131 dahil olmak \u00fczere ko\u00e7un \u00f6\u011fretim deneyimini \u00f6\u011frenin.<\/li>\n<li><strong>\u00d6\u011fretim tarz\u0131<\/strong>: Antren\u00f6r\u00fcn \u00f6\u011fretme tarz\u0131n\u0131n \u00e7ocu\u011funuza uygun olup olmad\u0131\u011f\u0131n\u0131 g\u00f6zlemleyin. Antren\u00f6r \u00e7ocu\u011funuzla iyi ileti\u015fim kurabilmeli ve \u00e7ocu\u011funuzun ilgisini \u00e7ekebilmelidir.<\/li>\n<li><strong>A\u011f\u0131zdan a\u011f\u0131za de\u011ferlendirme<\/strong>: Di\u011fer velilerden veya \u00f6\u011frencilerden ko\u00e7un itibar\u0131 hakk\u0131nda bilgi edinin ve onlar\u0131n yorumlar\u0131n\u0131 ve \u00f6nerilerini dinleyin.<\/li>\n<li><strong>Profesyonel ge\u00e7mi\u015f<\/strong>: D\u00f6v\u00fc\u015f sanatlar\u0131 okulu, yar\u0131\u015fma deneyimi ve \u00f6d\u00fclleri de dahil olmak \u00fczere antren\u00f6r\u00fcn profesyonel ge\u00e7mi\u015fi hakk\u0131nda bilgi edinin.<\/li>\n<li><strong>Karakter ve Tutum<\/strong>: E\u011fitmen sab\u0131rl\u0131, sorumluluk sahibi olmal\u0131, \u00f6\u011frencilere adil davranmal\u0131 ve her \u00f6\u011frenciye gereken ilgiyi g\u00f6sterebilmelidir.<\/li>\n<li><strong>\u00d6\u011fretim Y\u00f6ntemleri<\/strong>: E\u011fitmenin \u00f6\u011fretim y\u00f6ntemlerinin bilimsel ve makul olup olmad\u0131\u011f\u0131n\u0131 ve \u00f6\u011frencilerin temel beceri e\u011fitimine ve fiziksel uygunluk geli\u015fimine vurgu yap\u0131p yapmad\u0131\u011f\u0131n\u0131 \u00f6\u011frenin.<\/li>\n<li><strong>Atmosfer<\/strong>: \u0130yi bir e\u011fitim atmosferi \u00e7ocuklar\u0131 daha iyi \u00f6\u011frenmeye ve ilerlemeye motive edebilir.<\/li>\n<li><strong>S\u0131n\u0131f b\u00fcy\u00fckl\u00fc\u011f\u00fc<\/strong>: Her \u00f6\u011frencinin ko\u00e7tan yeterli ilgiyi g\u00f6rebilmesini sa\u011flamak i\u00e7in s\u0131n\u0131f mevcudu \u00e7ok b\u00fcy\u00fck olmamal\u0131d\u0131r.<\/li>\n<\/ul>\n<h4>Mevcut ve Eski \u00d6\u011frencilerin Deneyimleri<\/h4>\n\t<p><strong>Nasser Abu Sasha. \u00dclke: Hollanda . E\u011fitim S\u00fcresi: 20 G\u00fcn<\/strong><\/p>\n<p>This experience of studying Kung Fu in China has given me a deep sense of the depth of the Chinese martial arts and the uniqueness of the education system. I&#8217;ve tried several schools in China and finally found the best place for me to belong at the Shaolin Temple Cultural Center in China. This school has not only allowed me to improve my skills, but has also allowed me to experience the spirit of &#8220;cultivating one&#8217;s body with martial arts and educating people with culture&#8221;. I would like to share my feelings from various dimensions:<\/p>\n<p><a href=\"https:\/\/shaolintemplechina.com\/tr\/ci%cc%87nde-kung-fu-ogreni%cc%87n\/\">Daha fazla<\/a><\/p>\n\t<p><strong>Bel\u00e7ika peter \u00c7in d\u00f6v\u00fc\u015f sanatlar\u0131n\u0131 \u00f6\u011freniyor \u00c7in'de 3 ayl\u0131k kung fu e\u011fitimi<\/strong><\/p>\n<p>Benim ad\u0131m Peter, sonsuz tutkusu ve merak\u0131 olan gen\u00e7 bir adam\u0131m, \u00c7in k\u00fclt\u00fcr\u00fcne ve Shaolin Kung Fu'ya olan sevgimle b\u00fcy\u00fcd\u00fcm, \u00f6zellikle \u00c7in d\u00f6v\u00fc\u015f sanatlar\u0131n\u0131 \u00f6\u011frenmenin ola\u011fan\u00fcst\u00fc yolculu\u011funa \u00e7\u0131kt\u0131\u011f\u0131mda, bu tutku sonsuz bir \u015fekilde b\u00fcy\u00fcd\u00fc ve t\u00fcm d\u00fcnyay\u0131 ayd\u0131nlatt\u0131.<\/p>\n<p>&nbsp;<\/p>\n<p><a href=\"https:\/\/shaolintemplechina.com\/tr\/belci%cc%87ka-peter-ci%cc%87n-dovus-sanatlarini-ogreni%cc%87yor\/\">Daha fazla<\/a><\/p>\n<h5>\n\t\t\t D\u00f6v\u00fc\u015f sanatlar\u0131 yolculu\u011funuza ba\u015flamaya haz\u0131r m\u0131s\u0131n\u0131z?\t<\/h5>\n\t<p>\u00c7in'de Kung Fu \u00e7al\u0131\u015fmak sadece \u00c7in k\u00fclt\u00fcr\u00fcn\u00fcn derin bir ke\u015ffi de\u011fil, ayn\u0131 zamanda fiziksel ve zihinsel bir geli\u015fim yolculu\u011fudur. Sadece pratik kendini savunma becerilerinde ustala\u015fmam\u0131z\u0131, ki\u015fisel geli\u015fimi ve fiziksel zindeli\u011fi geli\u015ftirmemizi sa\u011flamakla kalmaz, ayn\u0131 zamanda uluslararas\u0131 bak\u0131\u015f a\u00e7\u0131m\u0131z\u0131 geni\u015fletir ve k\u00fclt\u00fcrler aras\u0131 ileti\u015fimi te\u015fvik eder. Ayr\u0131ca, \u00e7al\u0131\u015fma planlar\u0131n\u0131 bireysel ko\u015fullara g\u00f6re uyarl\u0131yoruz! D\u00f6v\u00fc\u015f sanatlar\u0131 yolculu\u011funuza buradan ba\u015flay\u0131n.<\/p>\n\t\t\t<a href=\"https:\/\/shaolintemplechina.com\/tr\/simdi-rezervasyon-yap\/\" target=\"_self\">\n\t\t\t\t\t\t\tRandevu al\u0131n\n\t\t\t<\/a>","protected":false},"excerpt":{"rendered":"<p>Learn Kung Fu in China In the ancient and mysterious land of China, Kung Fu, a unique cultural symbol that combines martial arts, philosophy, medicine and aesthetics, not only carries a thousand years of history, but is also a concentrated expression of the spirit and wisdom of the Chinese people. For martial arts enthusiasts from [&hellip;]<\/p>\n","protected":false},"author":1,"featured_media":0,"parent":0,"menu_order":0,"comment_status":"closed","ping_status":"closed","template":"","meta":{"footnotes":""},"class_list":["post-530","page","type-page","status-publish","hentry"],"_links":{"self":[{"href":"https:\/\/shaolintemplechina.com\/tr\/wp-json\/wp\/v2\/pages\/530","targetHints":{"allow":["GET"]}}],"collection":[{"href":"https:\/\/shaolintemplechina.com\/tr\/wp-json\/wp\/v2\/pages"}],"about":[{"href":"https:\/\/shaolintemplechina.com\/tr\/wp-json\/wp\/v2\/types\/page"}],"author":[{"embeddable":true,"href":"https:\/\/shaolintemplechina.com\/tr\/wp-json\/wp\/v2\/users\/1"}],"replies":[{"embeddable":true,"href":"https:\/\/shaolintemplechina.com\/tr\/wp-json\/wp\/v2\/comments?post=530"}],"version-history":[{"count":10,"href":"https:\/\/shaolintemplechina.com\/tr\/wp-json\/wp\/v2\/pages\/530\/revisions"}],"predecessor-version":[{"id":1167,"href":"https:\/\/shaolintemplechina.com\/tr\/wp-json\/wp\/v2\/pages\/530\/revisions\/1167"}],"wp:attachment":[{"href":"https:\/\/shaolintemplechina.com\/tr\/wp-json\/wp\/v2\/media?parent=530"}],"curies":[{"name":"wp","href":"https:\/\/api.w.org\/{rel}","templated":true}]}}